{"id":80,"date":"2022-10-15T19:10:56","date_gmt":"2022-10-15T17:10:56","guid":{"rendered":"https:\/\/isabelle-muller.com\/?page_id=80"},"modified":"2024-05-11T12:10:03","modified_gmt":"2024-05-11T10:10:03","slug":"les-cours","status":"publish","type":"page","link":"https:\/\/isabelle-muller.com\/index.php\/les-cours\/","title":{"rendered":"Kin\u00e9sith\u00e9rapie"},"content":{"rendered":"<p>[et_pb_section fb_built=\u00a0\u00bb1&Prime; admin_label=\u00a0\u00bbHeader\u00a0\u00bb _builder_version=\u00a0\u00bb4.19.0&Prime; _module_preset=\u00a0\u00bbdefault\u00a0\u00bb background_image=\u00a0\u00bbhttp:\/\/isabelle-muller.com\/wp-content\/uploads\/2023\/03\/IMG_20230108_105747-scaled.jpg\u00a0\u00bb background_position=\u00a0\u00bbbottom_center\u00a0\u00bb background_vertical_offset=\u00a0\u00bb64%\u00a0\u00bb custom_margin=\u00a0\u00bb||10vw||false|false\u00a0\u00bb custom_padding=\u00a0\u00bb||||false|false\u00a0\u00bb locked=\u00a0\u00bboff\u00a0\u00bb global_colors_info=\u00a0\u00bb{}\u00a0\u00bb][et_pb_row column_structure=\u00a0\u00bb3_5,2_5&Prime; _builder_version=\u00a0\u00bb4.18.0&Prime; _module_preset=\u00a0\u00bbdefault\u00a0\u00bb background_enable_color=\u00a0\u00bboff\u00a0\u00bb custom_margin=\u00a0\u00bb||-10vw||false|false\u00a0\u00bb custom_padding=\u00a0\u00bb||0px|||\u00a0\u00bb global_colors_info=\u00a0\u00bb{}\u00a0\u00bb][et_pb_column type=\u00a0\u00bb3_5&Prime; _builder_version=\u00a0\u00bb4.18.0&Prime; _module_preset=\u00a0\u00bbdefault\u00a0\u00bb background_color=\u00a0\u00bb#001D4A\u00a0\u00bb custom_padding=\u00a0\u00bb80px|50px|80px|50px|true|true\u00a0\u00bb custom_padding_tablet=\u00a0\u00bb\u00a0\u00bb custom_padding_phone=\u00a0\u00bb50px|30px|50px|30px|true|true\u00a0\u00bb custom_padding_last_edited=\u00a0\u00bbon|phone\u00a0\u00bb global_colors_info=\u00a0\u00bb{}\u00a0\u00bb][et_pb_text _builder_version=\u00a0\u00bb4.19.0&Prime; _module_preset=\u00a0\u00bbdefault\u00a0\u00bb header_font=\u00a0\u00bbCrimson Text||||||||\u00a0\u00bb header_font_size=\u00a0\u00bb80px\u00a0\u00bb background_layout=\u00a0\u00bbdark\u00a0\u00bb header_font_size_tablet=\u00a0\u00bb60px\u00a0\u00bb header_font_size_phone=\u00a0\u00bb30px\u00a0\u00bb header_font_size_last_edited=\u00a0\u00bbon|phone\u00a0\u00bb header_line_height_tablet=\u00a0\u00bb\u00a0\u00bb header_line_height_phone=\u00a0\u00bb1.2em\u00a0\u00bb header_line_height_last_edited=\u00a0\u00bbon|tablet\u00a0\u00bb locked=\u00a0\u00bboff\u00a0\u00bb global_colors_info=\u00a0\u00bb{}\u00a0\u00bb]<\/p>\n<h1>Kin\u00e9sith\u00e9rapie<\/h1>\n<p>[\/et_pb_text][\/et_pb_column][et_pb_column type=\u00a0\u00bb2_5&Prime; _builder_version=\u00a0\u00bb4.16&Prime; _module_preset=\u00a0\u00bbdefault\u00a0\u00bb global_colors_info=\u00a0\u00bb{}\u00a0\u00bb][\/et_pb_column][\/et_pb_row][\/et_pb_section][et_pb_section fb_built=\u00a0\u00bb1&Prime; admin_label=\u00a0\u00bbClasses\u00a0\u00bb _builder_version=\u00a0\u00bb4.16&Prime; _module_preset=\u00a0\u00bbdefault\u00a0\u00bb global_colors_info=\u00a0\u00bb{}\u00a0\u00bb][et_pb_row column_structure=\u00a0\u00bb1_2,1_2&Prime; _builder_version=\u00a0\u00bb4.18.0&Prime; _module_preset=\u00a0\u00bbdefault\u00a0\u00bb background_enable_color=\u00a0\u00bboff\u00a0\u00bb custom_margin=\u00a0\u00bb||50px||false|false\u00a0\u00bb custom_padding=\u00a0\u00bb20px|20px|20px|20px|true|true\u00a0\u00bb global_colors_info=\u00a0\u00bb{}\u00a0\u00bb][et_pb_column type=\u00a0\u00bb1_2&Prime; _builder_version=\u00a0\u00bb4.18.0&Prime; _module_preset=\u00a0\u00bbdefault\u00a0\u00bb global_colors_info=\u00a0\u00bb{}\u00a0\u00bb][et_pb_text _builder_version=\u00a0\u00bb4.19.0&Prime; _module_preset=\u00a0\u00bbdefault\u00a0\u00bb text_font=\u00a0\u00bbKarla||||||||\u00a0\u00bb text_text_color=\u00a0\u00bb#27476E\u00a0\u00bb text_font_size=\u00a0\u00bb16px\u00a0\u00bb header_2_text_color=\u00a0\u00bb#001D4A\u00a0\u00bb header_2_font_size=\u00a0\u00bb35px\u00a0\u00bb header_2_line_height=\u00a0\u00bb1.2em\u00a0\u00bb header_3_text_color=\u00a0\u00bb#27476E\u00a0\u00bb header_3_line_height=\u00a0\u00bb1.2em\u00a0\u00bb global_colors_info=\u00a0\u00bb{}\u00a0\u00bb]<\/p>\n<h2>Kin\u00e9 classique<\/h2>\n<p>Je vous re\u00e7ois pour tout type de prise en charge : Traumatologie, orthop\u00e9die, rhumatologie, neurologie, affections respiratoires de l\u2019adulte.<\/p>\n<p>Les techniques de kin\u00e9sith\u00e9rapie sont r\u00e9alis\u00e9es \u00e0 la suite d\u2019un bilan afin d\u2019\u00e9tablir un diagnostic permettant de d\u00e9finir le nombre de s\u00e9ances \u00e0 r\u00e9aliser et d\u2019adapter la th\u00e9rapeutique aux besoins du patient.<span><a href=\"tel:0611597067\"><\/a><\/span><\/p>\n<p>[\/et_pb_text][et_pb_toggle title=\u00a0\u00bbTarifs\u00a0\u00bb open_toggle_text_color=\u00a0\u00bb#ECA400&Prime; open_toggle_background_color=\u00a0\u00bb#FFFFFF\u00a0\u00bb closed_toggle_background_color=\u00a0\u00bb#FFFFFF\u00a0\u00bb icon_color=\u00a0\u00bb#001D4A\u00a0\u00bb toggle_icon=\u00a0\u00bb&#x33;||divi||400&Prime; _builder_version=\u00a0\u00bb4.19.0&Prime; _module_preset=\u00a0\u00bbdefault\u00a0\u00bb title_text_color=\u00a0\u00bb#001D4A\u00a0\u00bb title_font_size=\u00a0\u00bb19px\u00a0\u00bb body_font=\u00a0\u00bbKarla||||||||\u00a0\u00bb body_text_color=\u00a0\u00bb#27476E\u00a0\u00bb custom_margin=\u00a0\u00bb||30px||false|false\u00a0\u00bb custom_padding=\u00a0\u00bb||||false|false\u00a0\u00bb border_width_all=\u00a0\u00bb0px\u00a0\u00bb border_width_bottom=\u00a0\u00bb1px\u00a0\u00bb border_color_bottom=\u00a0\u00bb#001D4A\u00a0\u00bb global_colors_info=\u00a0\u00bb{}\u00a0\u00bb]<\/p>\n<p>&nbsp;<\/p>\n<p class=\"p1\"><strong>Les tarifs des s\u00e9ances de kin\u00e9 sont conventionn\u00e9s et sans d\u00e9passement d\u2019honoraires.<br \/><\/strong><\/p>\n<p>[\/et_pb_toggle][et_pb_button button_url=\u00a0\u00bbtel:0951578725&Prime; button_text=\u00a0\u00bbprendre rendez-vous\u00a0\u00bb _builder_version=\u00a0\u00bb4.19.0&Prime; _module_preset=\u00a0\u00bbdefault\u00a0\u00bb global_colors_info=\u00a0\u00bb{}\u00a0\u00bb][\/et_pb_button][\/et_pb_column][et_pb_column type=\u00a0\u00bb1_2&Prime; _builder_version=\u00a0\u00bb4.18.0&Prime; _module_preset=\u00a0\u00bbdefault\u00a0\u00bb global_colors_info=\u00a0\u00bb{}\u00a0\u00bb][et_pb_image src=\u00a0\u00bbhttp:\/\/isabelle-muller.com\/wp-content\/uploads\/2022\/11\/medical-massage-leg-physiotherapy-center-1.jpg\u00a0\u00bb title_text=\u00a0\u00bbMedical massage at the leg in a physiotherapy center.\u00a0\u00bb _builder_version=\u00a0\u00bb4.19.0&Prime; _module_preset=\u00a0\u00bbdefault\u00a0\u00bb global_colors_info=\u00a0\u00bb{}\u00a0\u00bb][\/et_pb_image][\/et_pb_column][\/et_pb_row][et_pb_row column_structure=\u00a0\u00bb1_2,1_2&Prime; _builder_version=\u00a0\u00bb4.19.0&Prime; _module_preset=\u00a0\u00bbdefault\u00a0\u00bb background_enable_color=\u00a0\u00bboff\u00a0\u00bb custom_margin=\u00a0\u00bb||50px||false|false\u00a0\u00bb custom_padding=\u00a0\u00bb20px|20px|20px|20px|true|true\u00a0\u00bb global_colors_info=\u00a0\u00bb{}\u00a0\u00bb][et_pb_column type=\u00a0\u00bb1_2&Prime; _builder_version=\u00a0\u00bb4.18.0&Prime; _module_preset=\u00a0\u00bbdefault\u00a0\u00bb global_colors_info=\u00a0\u00bb{}\u00a0\u00bb][et_pb_image src=\u00a0\u00bbhttp:\/\/isabelle-muller.com\/wp-content\/uploads\/2022\/11\/physiotherapist-checking-patient-medium-shot.jpg\u00a0\u00bb title_text=\u00a0\u00bbphysiotherapist-checking-patient-medium-shot\u00a0\u00bb _builder_version=\u00a0\u00bb4.19.0&Prime; _module_preset=\u00a0\u00bbdefault\u00a0\u00bb global_colors_info=\u00a0\u00bb{}\u00a0\u00bb][\/et_pb_image][et_pb_text _builder_version=\u00a0\u00bb4.19.0&Prime; _module_preset=\u00a0\u00bbdefault\u00a0\u00bb text_font=\u00a0\u00bbKarla||||||||\u00a0\u00bb text_text_color=\u00a0\u00bb#27476E\u00a0\u00bb text_font_size=\u00a0\u00bb16px\u00a0\u00bb header_2_text_color=\u00a0\u00bb#001D4A\u00a0\u00bb header_2_font_size=\u00a0\u00bb35px\u00a0\u00bb header_2_line_height=\u00a0\u00bb1.2em\u00a0\u00bb header_3_font=\u00a0\u00bb|600||||on|||\u00a0\u00bb header_3_text_color=\u00a0\u00bb#001D4A\u00a0\u00bb header_3_font_size=\u00a0\u00bb20px\u00a0\u00bb header_3_line_height=\u00a0\u00bb1.2em\u00a0\u00bb global_colors_info=\u00a0\u00bb{}\u00a0\u00bb]<\/p>\n<p><span style=\"font-weight: 400;\">Les consultations ont lieu au cabinet <strong>sur prescription m\u00e9dicale<\/strong> uniquement sur rendez-vous.<\/span><\/p>\n<p><em><strong>Les tarifs des s\u00e9ances de kin\u00e9 sont conventionn\u00e9s et sans d\u00e9passement d\u2019honoraires. Toute s\u00e9ance non d\u00e9command\u00e9 48h \u00e0 l\u2019avance est consid\u00e9r\u00e9e comme d\u00fb.<\/strong><\/em><\/p>\n<p>[\/et_pb_text][et_pb_button button_url=\u00a0\u00bbtel:0951578725&Prime; button_text=\u00a0\u00bbprendre rendez-vous\u00a0\u00bb _builder_version=\u00a0\u00bb4.19.0&Prime; _module_preset=\u00a0\u00bbdefault\u00a0\u00bb global_colors_info=\u00a0\u00bb{}\u00a0\u00bb][\/et_pb_button][\/et_pb_column][et_pb_column type=\u00a0\u00bb1_2&Prime; _builder_version=\u00a0\u00bb4.18.0&Prime; _module_preset=\u00a0\u00bbdefault\u00a0\u00bb global_colors_info=\u00a0\u00bb{}\u00a0\u00bb][et_pb_text _builder_version=\u00a0\u00bb4.19.0&Prime; _module_preset=\u00a0\u00bbdefault\u00a0\u00bb text_font=\u00a0\u00bbKarla||||||||\u00a0\u00bb text_text_color=\u00a0\u00bb#27476E\u00a0\u00bb text_font_size=\u00a0\u00bb16px\u00a0\u00bb header_2_text_color=\u00a0\u00bb#001D4A\u00a0\u00bb header_2_font_size=\u00a0\u00bb35px\u00a0\u00bb header_2_line_height=\u00a0\u00bb1.2em\u00a0\u00bb header_3_font=\u00a0\u00bb|600||||on|||\u00a0\u00bb header_3_text_color=\u00a0\u00bb#001D4A\u00a0\u00bb header_3_font_size=\u00a0\u00bb20px\u00a0\u00bb header_3_line_height=\u00a0\u00bb1.2em\u00a0\u00bb global_colors_info=\u00a0\u00bb{}\u00a0\u00bb]<\/p>\n<h2>Kin\u00e9 du musicien<\/h2>\n<h3>Corps et musique en accord<\/h3>\n<p><span style=\"font-weight: 400;\">\u00catre musicien c\u2019est :<\/span><\/p>\n<p><span style=\"font-weight: 400;\">\u25b8 Focaliser toute son attention sur son instrument et son interpr\u00e9tation au risque d\u2019oublier son corps et sa respiration pourtant indispensable pour l\u2019ancrage et le son.\u00a0<\/span><\/p>\n<p><span style=\"font-weight: 400;\">\u25b8 S\u2019exercer r\u00e9guli\u00e8rement et rigoureusement. Le corps est chaque jour soumis \u00e0 une m\u00eame posture. Cela peut rapidement occasionner une g\u00e8ne, des douleurs chroniques. Et rapidement, des pathologies peuvent s\u2019installer et \u00eatre entretenues par le jeu instrumental.<\/span><\/p>\n<p><span style=\"font-weight: 400;\">\u25b8 Une posture \u00e9quilibr\u00e9e et harmonieuse, un mouvement ma\u00eetris\u00e9, un geste pr\u00e9cis vont accompagner naturellement les notes. L\u2019esprit alors lib\u00e9r\u00e9 de toutes contraintes corporelles peut se consacrer enti\u00e8rement \u00e0 l\u2019interpr\u00e9tation musicale.<\/span><\/p>\n<p><span style=\"font-weight: 400;\">Je vous propose\u00a0:<\/span><\/p>\n<p><span style=\"font-weight: 400;\">\u25b8 Un travail th\u00e9rapeutique. Sur prescription m\u00e9dicale : lombalgies, cervicalgies, dorsalgies, tendinopathies, syndrome de surmenage, syndrome canalaire, dystonie de fonction&#8230;<\/span><\/p>\n<p><span style=\"font-weight: 400;\">Et aussi :<\/span><\/p>\n<p><span style=\"font-weight: 400;\">\u25b8 Un travail pr\u00e9ventif. La justesse du mouvement a toute son importance pour le bien\u00eatre du musicien comme pour l\u2019interpr\u00e9tation de sa partition. Pour cela, il est important de mieux connaitre son corps, d\u2019apprendre \u00e0 maitriser sa respiration et d\u2019acqu\u00e9rir un geste pr\u00e9cis et fluide.<\/span><\/p>\n<p><span style=\"font-weight: 400;\">\u25b8 Pour les d\u00e9butants, enfants ou adultes, il est int\u00e9ressant d\u2019adopter d\u00e8s le d\u00e9but de l\u2019apprentissage musical les bonnes postures, et prendre de bonnes habitudes.<\/span><\/p>\n<p>[\/et_pb_text][\/et_pb_column][\/et_pb_row][\/et_pb_section][et_pb_section fb_built=\u00a0\u00bb1&Prime; _builder_version=\u00a0\u00bb4.19.0&Prime; _module_preset=\u00a0\u00bbdefault\u00a0\u00bb background_image=\u00a0\u00bbhttp:\/\/isabelle-muller.com\/wp-content\/uploads\/2023\/03\/IMG_20230219_180906-scaled.jpg\u00a0\u00bb background_size=\u00a0\u00bbcustom\u00a0\u00bb background_image_width=\u00a0\u00bb48%\u00a0\u00bb background_position=\u00a0\u00bbcenter_left\u00a0\u00bb global_colors_info=\u00a0\u00bb{}\u00a0\u00bb][et_pb_row column_structure=\u00a0\u00bb1_2,1_2&Prime; _builder_version=\u00a0\u00bb4.19.0&Prime; _module_preset=\u00a0\u00bbdefault\u00a0\u00bb global_colors_info=\u00a0\u00bb{}\u00a0\u00bb][et_pb_column type=\u00a0\u00bb1_2&Prime; _builder_version=\u00a0\u00bb4.19.0&Prime; _module_preset=\u00a0\u00bbdefault\u00a0\u00bb global_colors_info=\u00a0\u00bb{}\u00a0\u00bb][\/et_pb_column][et_pb_column type=\u00a0\u00bb1_2&Prime; _builder_version=\u00a0\u00bb4.19.0&Prime; _module_preset=\u00a0\u00bbdefault\u00a0\u00bb global_colors_info=\u00a0\u00bb{}\u00a0\u00bb][et_pb_text _builder_version=\u00a0\u00bb4.19.0&Prime; _module_preset=\u00a0\u00bbdefault\u00a0\u00bb text_font=\u00a0\u00bbKarla||||||||\u00a0\u00bb text_text_color=\u00a0\u00bb#27476E\u00a0\u00bb text_font_size=\u00a0\u00bb16px\u00a0\u00bb header_2_text_color=\u00a0\u00bb#001D4A\u00a0\u00bb header_2_font_size=\u00a0\u00bb35px\u00a0\u00bb header_2_line_height=\u00a0\u00bb1.2em\u00a0\u00bb header_3_font=\u00a0\u00bb|600||||on|||\u00a0\u00bb header_3_text_color=\u00a0\u00bb#001D4A\u00a0\u00bb header_3_font_size=\u00a0\u00bb20px\u00a0\u00bb header_3_line_height=\u00a0\u00bb1.2em\u00a0\u00bb background_color=\u00a0\u00bb#FFFFFF\u00a0\u00bb custom_padding=\u00a0\u00bb20px|20px|20px|20px|true|true\u00a0\u00bb border_width_all=\u00a0\u00bb1px\u00a0\u00bb border_color_all=\u00a0\u00bb#27476E\u00a0\u00bb global_colors_info=\u00a0\u00bb{}\u00a0\u00bb]<\/p>\n<p><span style=\"font-weight: 400;\">Techniques instrumentales utilis\u00e9es au cabinet\u00a0:<\/span><\/p>\n<ul>\n<li><span style=\"font-weight: 400;\">Laser<\/span><\/li>\n<li><span style=\"font-weight: 400;\">Ultrasons,<\/span><\/li>\n<li><span style=\"font-weight: 400;\">Electrostimulation<\/span><\/li>\n<li><span style=\"font-weight: 400;\">K\u00a0 Taping<\/span><\/li>\n<li><span style=\"font-weight: 400;\">Pressoth\u00e9rapie<\/span><\/li>\n<li><span style=\"font-weight: 400;\">Cellu M6 Alliance<\/span><\/li>\n<\/ul>\n<p>[\/et_pb_text][\/et_pb_column][\/et_pb_row][\/et_pb_section]<\/p>\n","protected":false},"excerpt":{"rendered":"<p>Kin\u00e9sith\u00e9rapieKin\u00e9 classique Je vous re\u00e7ois pour tout type de prise en charge : Traumatologie, orthop\u00e9die, rhumatologie, neurologie, affections respiratoires de l\u2019adulte. Les techniques de kin\u00e9sith\u00e9rapie sont r\u00e9alis\u00e9es \u00e0 la suite d\u2019un bilan afin d\u2019\u00e9tablir un diagnostic permettant de d\u00e9finir le nombre de s\u00e9ances \u00e0 r\u00e9aliser et d\u2019adapter la th\u00e9rapeutique aux besoins du patient.&nbsp; Les tarifs [&hellip;]<\/p>\n","protected":false},"author":1,"featured_media":0,"parent":0,"menu_order":0,"comment_status":"closed","ping_status":"closed","template":"","meta":{"_et_pb_use_builder":"on","_et_pb_old_content":"","_et_gb_content_width":"","footnotes":""},"class_list":["post-80","page","type-page","status-publish","hentry"],"yoast_head":"<!-- This site is optimized with the Yoast SEO plugin v26.1.1 - https:\/\/yoast.com\/wordpress\/plugins\/seo\/ -->\n<title>Kin\u00e9sith\u00e9rapie - Isabelle Muller<\/title>\n<meta name=\"robots\" content=\"index, follow, max-snippet:-1, max-image-preview:large, max-video-preview:-1\" \/>\n<link rel=\"canonical\" href=\"https:\/\/isabelle-muller.com\/index.php\/les-cours\/\" \/>\n<meta property=\"og:locale\" content=\"fr_FR\" \/>\n<meta property=\"og:type\" content=\"article\" \/>\n<meta property=\"og:title\" content=\"Kin\u00e9sith\u00e9rapie - Isabelle Muller\" \/>\n<meta property=\"og:description\" content=\"Kin\u00e9sith\u00e9rapieKin\u00e9 classique Je vous re\u00e7ois pour tout type de prise en charge : Traumatologie, orthop\u00e9die, rhumatologie, neurologie, affections respiratoires de l\u2019adulte. Les techniques de kin\u00e9sith\u00e9rapie sont r\u00e9alis\u00e9es \u00e0 la suite d\u2019un bilan afin d\u2019\u00e9tablir un diagnostic permettant de d\u00e9finir le nombre de s\u00e9ances \u00e0 r\u00e9aliser et d\u2019adapter la th\u00e9rapeutique aux besoins du patient.&nbsp; Les tarifs [&hellip;]\" \/>\n<meta property=\"og:url\" content=\"https:\/\/isabelle-muller.com\/index.php\/les-cours\/\" \/>\n<meta property=\"og:site_name\" content=\"Isabelle Muller\" \/>\n<meta property=\"article:publisher\" content=\"https:\/\/www.facebook.com\/isabelle.muller.5836\" \/>\n<meta property=\"article:modified_time\" content=\"2024-05-11T10:10:03+00:00\" \/>\n<meta name=\"twitter:card\" content=\"summary_large_image\" \/>\n<meta name=\"twitter:label1\" content=\"Dur\u00e9e de lecture estim\u00e9e\" \/>\n\t<meta name=\"twitter:data1\" content=\"3 minutes\" \/>\n<script type=\"application\/ld+json\" class=\"yoast-schema-graph\">{\"@context\":\"https:\/\/schema.org\",\"@graph\":[{\"@type\":\"WebPage\",\"@id\":\"https:\/\/isabelle-muller.com\/index.php\/les-cours\/\",\"url\":\"https:\/\/isabelle-muller.com\/index.php\/les-cours\/\",\"name\":\"Kin\u00e9sith\u00e9rapie - Isabelle Muller\",\"isPartOf\":{\"@id\":\"https:\/\/isabelle-muller.com\/#website\"},\"datePublished\":\"2022-10-15T17:10:56+00:00\",\"dateModified\":\"2024-05-11T10:10:03+00:00\",\"breadcrumb\":{\"@id\":\"https:\/\/isabelle-muller.com\/index.php\/les-cours\/#breadcrumb\"},\"inLanguage\":\"fr-FR\",\"potentialAction\":[{\"@type\":\"ReadAction\",\"target\":[\"https:\/\/isabelle-muller.com\/index.php\/les-cours\/\"]}]},{\"@type\":\"BreadcrumbList\",\"@id\":\"https:\/\/isabelle-muller.com\/index.php\/les-cours\/#breadcrumb\",\"itemListElement\":[{\"@type\":\"ListItem\",\"position\":1,\"name\":\"Accueil\",\"item\":\"https:\/\/isabelle-muller.com\/\"},{\"@type\":\"ListItem\",\"position\":2,\"name\":\"Kin\u00e9sith\u00e9rapie\"}]},{\"@type\":\"WebSite\",\"@id\":\"https:\/\/isabelle-muller.com\/#website\",\"url\":\"https:\/\/isabelle-muller.com\/\",\"name\":\"Isabelle Muller\",\"description\":\"\",\"publisher\":{\"@id\":\"https:\/\/isabelle-muller.com\/#organization\"},\"potentialAction\":[{\"@type\":\"SearchAction\",\"target\":{\"@type\":\"EntryPoint\",\"urlTemplate\":\"https:\/\/isabelle-muller.com\/?s={search_term_string}\"},\"query-input\":{\"@type\":\"PropertyValueSpecification\",\"valueRequired\":true,\"valueName\":\"search_term_string\"}}],\"inLanguage\":\"fr-FR\"},{\"@type\":\"Organization\",\"@id\":\"https:\/\/isabelle-muller.com\/#organization\",\"name\":\"Isabelle Muller\",\"url\":\"https:\/\/isabelle-muller.com\/\",\"logo\":{\"@type\":\"ImageObject\",\"inLanguage\":\"fr-FR\",\"@id\":\"https:\/\/isabelle-muller.com\/#\/schema\/logo\/image\/\",\"url\":\"https:\/\/isabelle-muller.com\/wp-content\/uploads\/2022\/10\/logo.png\",\"contentUrl\":\"https:\/\/isabelle-muller.com\/wp-content\/uploads\/2022\/10\/logo.png\",\"width\":245,\"height\":250,\"caption\":\"Isabelle Muller\"},\"image\":{\"@id\":\"https:\/\/isabelle-muller.com\/#\/schema\/logo\/image\/\"},\"sameAs\":[\"https:\/\/www.facebook.com\/isabelle.muller.5836\"]}]}<\/script>\n<!-- \/ Yoast SEO plugin. -->","yoast_head_json":{"title":"Kin\u00e9sith\u00e9rapie - Isabelle Muller","robots":{"index":"index","follow":"follow","max-snippet":"max-snippet:-1","max-image-preview":"max-image-preview:large","max-video-preview":"max-video-preview:-1"},"canonical":"https:\/\/isabelle-muller.com\/index.php\/les-cours\/","og_locale":"fr_FR","og_type":"article","og_title":"Kin\u00e9sith\u00e9rapie - Isabelle Muller","og_description":"Kin\u00e9sith\u00e9rapieKin\u00e9 classique Je vous re\u00e7ois pour tout type de prise en charge : Traumatologie, orthop\u00e9die, rhumatologie, neurologie, affections respiratoires de l\u2019adulte. Les techniques de kin\u00e9sith\u00e9rapie sont r\u00e9alis\u00e9es \u00e0 la suite d\u2019un bilan afin d\u2019\u00e9tablir un diagnostic permettant de d\u00e9finir le nombre de s\u00e9ances \u00e0 r\u00e9aliser et d\u2019adapter la th\u00e9rapeutique aux besoins du patient.&nbsp; Les tarifs [&hellip;]","og_url":"https:\/\/isabelle-muller.com\/index.php\/les-cours\/","og_site_name":"Isabelle Muller","article_publisher":"https:\/\/www.facebook.com\/isabelle.muller.5836","article_modified_time":"2024-05-11T10:10:03+00:00","twitter_card":"summary_large_image","twitter_misc":{"Dur\u00e9e de lecture estim\u00e9e":"3 minutes"},"schema":{"@context":"https:\/\/schema.org","@graph":[{"@type":"WebPage","@id":"https:\/\/isabelle-muller.com\/index.php\/les-cours\/","url":"https:\/\/isabelle-muller.com\/index.php\/les-cours\/","name":"Kin\u00e9sith\u00e9rapie - Isabelle Muller","isPartOf":{"@id":"https:\/\/isabelle-muller.com\/#website"},"datePublished":"2022-10-15T17:10:56+00:00","dateModified":"2024-05-11T10:10:03+00:00","breadcrumb":{"@id":"https:\/\/isabelle-muller.com\/index.php\/les-cours\/#breadcrumb"},"inLanguage":"fr-FR","potentialAction":[{"@type":"ReadAction","target":["https:\/\/isabelle-muller.com\/index.php\/les-cours\/"]}]},{"@type":"BreadcrumbList","@id":"https:\/\/isabelle-muller.com\/index.php\/les-cours\/#breadcrumb","itemListElement":[{"@type":"ListItem","position":1,"name":"Accueil","item":"https:\/\/isabelle-muller.com\/"},{"@type":"ListItem","position":2,"name":"Kin\u00e9sith\u00e9rapie"}]},{"@type":"WebSite","@id":"https:\/\/isabelle-muller.com\/#website","url":"https:\/\/isabelle-muller.com\/","name":"Isabelle Muller","description":"","publisher":{"@id":"https:\/\/isabelle-muller.com\/#organization"},"potentialAction":[{"@type":"SearchAction","target":{"@type":"EntryPoint","urlTemplate":"https:\/\/isabelle-muller.com\/?s={search_term_string}"},"query-input":{"@type":"PropertyValueSpecification","valueRequired":true,"valueName":"search_term_string"}}],"inLanguage":"fr-FR"},{"@type":"Organization","@id":"https:\/\/isabelle-muller.com\/#organization","name":"Isabelle Muller","url":"https:\/\/isabelle-muller.com\/","logo":{"@type":"ImageObject","inLanguage":"fr-FR","@id":"https:\/\/isabelle-muller.com\/#\/schema\/logo\/image\/","url":"https:\/\/isabelle-muller.com\/wp-content\/uploads\/2022\/10\/logo.png","contentUrl":"https:\/\/isabelle-muller.com\/wp-content\/uploads\/2022\/10\/logo.png","width":245,"height":250,"caption":"Isabelle Muller"},"image":{"@id":"https:\/\/isabelle-muller.com\/#\/schema\/logo\/image\/"},"sameAs":["https:\/\/www.facebook.com\/isabelle.muller.5836"]}]}},"_links":{"self":[{"href":"https:\/\/isabelle-muller.com\/index.php\/wp-json\/wp\/v2\/pages\/80","targetHints":{"allow":["GET"]}}],"collection":[{"href":"https:\/\/isabelle-muller.com\/index.php\/wp-json\/wp\/v2\/pages"}],"about":[{"href":"https:\/\/isabelle-muller.com\/index.php\/wp-json\/wp\/v2\/types\/page"}],"author":[{"embeddable":true,"href":"https:\/\/isabelle-muller.com\/index.php\/wp-json\/wp\/v2\/users\/1"}],"replies":[{"embeddable":true,"href":"https:\/\/isabelle-muller.com\/index.php\/wp-json\/wp\/v2\/comments?post=80"}],"version-history":[{"count":9,"href":"https:\/\/isabelle-muller.com\/index.php\/wp-json\/wp\/v2\/pages\/80\/revisions"}],"predecessor-version":[{"id":232,"href":"https:\/\/isabelle-muller.com\/index.php\/wp-json\/wp\/v2\/pages\/80\/revisions\/232"}],"wp:attachment":[{"href":"https:\/\/isabelle-muller.com\/index.php\/wp-json\/wp\/v2\/media?parent=80"}],"curies":[{"name":"wp","href":"https:\/\/api.w.org\/{rel}","templated":true}]}}