{"id":153,"date":"2022-11-11T16:26:46","date_gmt":"2022-11-11T15:26:46","guid":{"rendered":"https:\/\/isabelle-muller.com\/?page_id=153"},"modified":"2025-08-25T18:40:48","modified_gmt":"2025-08-25T16:40:48","slug":"endermologie","status":"publish","type":"page","link":"https:\/\/isabelle-muller.com\/index.php\/endermologie\/","title":{"rendered":"Endermologie"},"content":{"rendered":"<p>[et_pb_section fb_built=\u00a0\u00bb1&Prime; admin_label=\u00a0\u00bbHeader\u00a0\u00bb _builder_version=\u00a0\u00bb4.19.0&Prime; _module_preset=\u00a0\u00bbdefault\u00a0\u00bb background_image=\u00a0\u00bbhttp:\/\/isabelle-muller.com\/wp-content\/uploads\/2022\/11\/pexels-karolina-grabowska-4498174-scaled.jpg\u00a0\u00bb background_position=\u00a0\u00bbbottom_center\u00a0\u00bb background_vertical_offset=\u00a0\u00bb63%\u00a0\u00bb custom_margin=\u00a0\u00bb||10vw||false|false\u00a0\u00bb custom_padding=\u00a0\u00bb||||false|false\u00a0\u00bb locked=\u00a0\u00bboff\u00a0\u00bb global_colors_info=\u00a0\u00bb{}\u00a0\u00bb][et_pb_row column_structure=\u00a0\u00bb3_5,2_5&Prime; _builder_version=\u00a0\u00bb4.18.0&Prime; _module_preset=\u00a0\u00bbdefault\u00a0\u00bb background_enable_color=\u00a0\u00bboff\u00a0\u00bb custom_margin=\u00a0\u00bb||-10vw||false|false\u00a0\u00bb custom_padding=\u00a0\u00bb||0px|||\u00a0\u00bb global_colors_info=\u00a0\u00bb{}\u00a0\u00bb][et_pb_column type=\u00a0\u00bb3_5&Prime; _builder_version=\u00a0\u00bb4.18.0&Prime; _module_preset=\u00a0\u00bbdefault\u00a0\u00bb background_color=\u00a0\u00bb#001D4A\u00a0\u00bb custom_padding=\u00a0\u00bb80px|50px|80px|50px|true|true\u00a0\u00bb custom_padding_tablet=\u00a0\u00bb\u00a0\u00bb custom_padding_phone=\u00a0\u00bb50px|30px|50px|30px|true|true\u00a0\u00bb custom_padding_last_edited=\u00a0\u00bbon|phone\u00a0\u00bb global_colors_info=\u00a0\u00bb{}\u00a0\u00bb][et_pb_text _builder_version=\u00a0\u00bb4.19.0&Prime; _module_preset=\u00a0\u00bbdefault\u00a0\u00bb header_font=\u00a0\u00bbCrimson Text||||||||\u00a0\u00bb header_font_size=\u00a0\u00bb80px\u00a0\u00bb background_layout=\u00a0\u00bbdark\u00a0\u00bb header_font_size_tablet=\u00a0\u00bb60px\u00a0\u00bb header_font_size_phone=\u00a0\u00bb30px\u00a0\u00bb header_font_size_last_edited=\u00a0\u00bbon|phone\u00a0\u00bb header_line_height_tablet=\u00a0\u00bb\u00a0\u00bb header_line_height_phone=\u00a0\u00bb1.2em\u00a0\u00bb header_line_height_last_edited=\u00a0\u00bbon|tablet\u00a0\u00bb locked=\u00a0\u00bboff\u00a0\u00bb global_colors_info=\u00a0\u00bb{}\u00a0\u00bb]<\/p>\n<h1>Endermologie<\/h1>\n<p>[\/et_pb_text][\/et_pb_column][et_pb_column type=\u00a0\u00bb2_5&Prime; _builder_version=\u00a0\u00bb4.16&Prime; _module_preset=\u00a0\u00bbdefault\u00a0\u00bb global_colors_info=\u00a0\u00bb{}\u00a0\u00bb][\/et_pb_column][\/et_pb_row][\/et_pb_section][et_pb_section fb_built=\u00a0\u00bb1&Prime; admin_label=\u00a0\u00bbClasses\u00a0\u00bb _builder_version=\u00a0\u00bb4.16&Prime; _module_preset=\u00a0\u00bbdefault\u00a0\u00bb global_colors_info=\u00a0\u00bb{}\u00a0\u00bb][et_pb_row column_structure=\u00a0\u00bb1_2,1_2&Prime; _builder_version=\u00a0\u00bb4.18.0&Prime; _module_preset=\u00a0\u00bbdefault\u00a0\u00bb background_enable_color=\u00a0\u00bboff\u00a0\u00bb custom_margin=\u00a0\u00bb||50px||false|false\u00a0\u00bb custom_padding=\u00a0\u00bb20px|20px|20px|20px|true|true\u00a0\u00bb global_colors_info=\u00a0\u00bb{}\u00a0\u00bb][et_pb_column type=\u00a0\u00bb1_2&Prime; _builder_version=\u00a0\u00bb4.18.0&Prime; _module_preset=\u00a0\u00bbdefault\u00a0\u00bb global_colors_info=\u00a0\u00bb{}\u00a0\u00bb][et_pb_image src=\u00a0\u00bbhttp:\/\/isabelle-muller.com\/wp-content\/uploads\/2022\/11\/shutterstock_2063928485-scaled.jpg\u00a0\u00bb title_text=\u00a0\u00bbClose,Up,Of,Vacuum,Roller,Massage,Apparatus,Nobody,On,Medical\u00a0\u00bb _builder_version=\u00a0\u00bb4.19.0&Prime; _module_preset=\u00a0\u00bbdefault\u00a0\u00bb global_colors_info=\u00a0\u00bb{}\u00a0\u00bb][\/et_pb_image][et_pb_text _builder_version=\u00a0\u00bb4.19.0&Prime; _module_preset=\u00a0\u00bbdefault\u00a0\u00bb text_font=\u00a0\u00bbKarla||||||||\u00a0\u00bb text_text_color=\u00a0\u00bb#27476E\u00a0\u00bb text_font_size=\u00a0\u00bb16px\u00a0\u00bb header_2_text_color=\u00a0\u00bb#001D4A\u00a0\u00bb header_2_font_size=\u00a0\u00bb35px\u00a0\u00bb header_2_line_height=\u00a0\u00bb1.2em\u00a0\u00bb header_3_font=\u00a0\u00bb|600||||on|||\u00a0\u00bb header_3_text_color=\u00a0\u00bb#001D4A\u00a0\u00bb header_3_line_height=\u00a0\u00bb1.2em\u00a0\u00bb custom_padding=\u00a0\u00bb20px|20px|20px|20px|true|true\u00a0\u00bb border_width_all=\u00a0\u00bb1px\u00a0\u00bb border_color_all=\u00a0\u00bb#27476E\u00a0\u00bb global_colors_info=\u00a0\u00bb{}\u00a0\u00bb]<\/p>\n<h3>Application esth\u00e9tiques<\/h3>\n<ul>\n<li>Soins endermologiques : d\u00e9stockage des graisses r\u00e9sistantes et localis\u00e9es, lissage de la peau d\u2019orange, et redensification du derme.<\/li>\n<li>Cure DETOX<\/li>\n<li>Cure jeune maman<\/li>\n<li>Relaxation<\/li>\n<li>Endermopuncture<\/li>\n<li>Cure pr\u00e9 et post liposuccion<\/li>\n<\/ul>\n<p>[\/et_pb_text][et_pb_text _builder_version=\u00a0\u00bb4.19.0&Prime; _module_preset=\u00a0\u00bbdefault\u00a0\u00bb text_font=\u00a0\u00bbKarla||||||||\u00a0\u00bb text_text_color=\u00a0\u00bb#27476E\u00a0\u00bb text_font_size=\u00a0\u00bb16px\u00a0\u00bb header_2_text_color=\u00a0\u00bb#001D4A\u00a0\u00bb header_2_font_size=\u00a0\u00bb35px\u00a0\u00bb header_2_line_height=\u00a0\u00bb1.2em\u00a0\u00bb header_3_font=\u00a0\u00bb|600||||on|||\u00a0\u00bb header_3_text_color=\u00a0\u00bb#001D4A\u00a0\u00bb header_3_line_height=\u00a0\u00bb1.2em\u00a0\u00bb custom_padding=\u00a0\u00bb20px|20px|20px|20px|true|true\u00a0\u00bb border_width_all=\u00a0\u00bb1px\u00a0\u00bb border_color_all=\u00a0\u00bb#27476E\u00a0\u00bb global_colors_info=\u00a0\u00bb{}\u00a0\u00bb]<\/p>\n<h3>Application m\u00e9dicales<\/h3>\n<ul>\n<li>Adh\u00e9rences <\/li>\n<li>Br\u00fblures inflammatoires et non inflammatoires<\/li>\n<li>Cicatrices inflammatoires et non inflammatoires<\/li>\n<li>Greffe cutan\u00e9e<\/li>\n<li>\u0152d\u00e8me<\/li>\n<li>Lymphoed\u00e8me<\/li>\n<li>Entorse<\/li>\n<li>Douleurs musculaires<\/li>\n<li>Fibromyalgie<\/li>\n<li>Insuffisance veineuse<\/li>\n<\/ul>\n<p>[\/et_pb_text][\/et_pb_column][et_pb_column type=\u00a0\u00bb1_2&Prime; _builder_version=\u00a0\u00bb4.18.0&Prime; _module_preset=\u00a0\u00bbdefault\u00a0\u00bb global_colors_info=\u00a0\u00bb{}\u00a0\u00bb][et_pb_text _builder_version=\u00a0\u00bb4.19.0&Prime; _module_preset=\u00a0\u00bbdefault\u00a0\u00bb text_font=\u00a0\u00bbKarla||||||||\u00a0\u00bb text_text_color=\u00a0\u00bb#27476E\u00a0\u00bb text_font_size=\u00a0\u00bb16px\u00a0\u00bb header_2_text_color=\u00a0\u00bb#001D4A\u00a0\u00bb header_2_font_size=\u00a0\u00bb35px\u00a0\u00bb header_2_line_height=\u00a0\u00bb1.2em\u00a0\u00bb header_3_text_color=\u00a0\u00bb#27476E\u00a0\u00bb header_3_line_height=\u00a0\u00bb1.2em\u00a0\u00bb global_colors_info=\u00a0\u00bb{}\u00a0\u00bb]<\/p>\n<h2>La m\u00e9thode<\/h2>\n<p>L\u2019endermologie est un terme brevet\u00e9 correspondant aux technologies utilis\u00e9es et d\u00e9velopp\u00e9es par LPGsyst\u00e8m et les appareils CelluM6 . Elle est la troisi\u00e8me voie des traitements esth\u00e9tiques entre le trop doux (les cosm\u00e9tiques) et le trop agressif (la chirurgie).<\/p>\n<p>Issue de la m\u00e9cano biologie, science qui allie physique et chimie, le CelluM6 va cr\u00e9er des stimuli m\u00e9caniques qui vont se transformer en stimuli cellulaires pour d\u00e9clencher une r\u00e9ponse biologique des cellules en profondeur et en toute innocuit\u00e9.<\/p>\n<p>On peut agir sur les cellules du derme en surface comme en profondeur selon les besoins du traitement effectu\u00e9.<\/p>\n<p>Les champs d\u2019application sont nombreux tant au niveau esth\u00e9tique que th\u00e9rapeutique.<\/p>\n<p>[\/et_pb_text][et_pb_toggle title=\u00a0\u00bbHoraires\u00a0\u00bb open_toggle_text_color=\u00a0\u00bb#ECA400&Prime; open_toggle_background_color=\u00a0\u00bb#FFFFFF\u00a0\u00bb closed_toggle_background_color=\u00a0\u00bb#FFFFFF\u00a0\u00bb icon_color=\u00a0\u00bb#001D4A\u00a0\u00bb toggle_icon=\u00a0\u00bb&#x33;||divi||400&Prime; _builder_version=\u00a0\u00bb4.19.0&Prime; _module_preset=\u00a0\u00bbdefault\u00a0\u00bb title_text_color=\u00a0\u00bb#001D4A\u00a0\u00bb title_font_size=\u00a0\u00bb19px\u00a0\u00bb body_font=\u00a0\u00bbKarla||||||||\u00a0\u00bb body_text_color=\u00a0\u00bb#27476E\u00a0\u00bb custom_margin=\u00a0\u00bb||10px||false|false\u00a0\u00bb border_width_all=\u00a0\u00bb0px\u00a0\u00bb border_width_bottom=\u00a0\u00bb1px\u00a0\u00bb border_color_bottom=\u00a0\u00bb#001D4A\u00a0\u00bb global_colors_info=\u00a0\u00bb{}\u00a0\u00bb]<\/p>\n<p>Prendre rendez-vous par t\u00e9l\u00e9phone : <a href=\"tel:0951578725\">09 51 57 87 25<\/a><\/p>\n<p>[\/et_pb_toggle][et_pb_toggle title=\u00a0\u00bbTarifs\u00a0\u00bb open_toggle_text_color=\u00a0\u00bb#ECA400&Prime; open_toggle_background_color=\u00a0\u00bb#FFFFFF\u00a0\u00bb closed_toggle_background_color=\u00a0\u00bb#FFFFFF\u00a0\u00bb icon_color=\u00a0\u00bb#001D4A\u00a0\u00bb toggle_icon=\u00a0\u00bb&#x33;||divi||400&Prime; _builder_version=\u00a0\u00bb4.19.0&Prime; _module_preset=\u00a0\u00bbdefault\u00a0\u00bb title_text_color=\u00a0\u00bb#001D4A\u00a0\u00bb title_font_size=\u00a0\u00bb19px\u00a0\u00bb body_font=\u00a0\u00bbKarla||||||||\u00a0\u00bb body_text_color=\u00a0\u00bb#27476E\u00a0\u00bb custom_margin=\u00a0\u00bb||50px||false|false\u00a0\u00bb border_width_all=\u00a0\u00bb0px\u00a0\u00bb border_width_bottom=\u00a0\u00bb1px\u00a0\u00bb border_color_bottom=\u00a0\u00bb#001D4A\u00a0\u00bb global_colors_info=\u00a0\u00bb{}\u00a0\u00bb]<\/p>\n<p class=\"p1\">Cure de 10 s\u00e9ances (40 minutes) : 750\u20ac<\/p>\n<p class=\"p1\"><strong>Payable en plusieurs fois<span class=\"Apple-converted-space\">\u00a0<\/span><\/strong><\/p>\n<p>[\/et_pb_toggle][et_pb_image src=\u00a0\u00bbhttp:\/\/isabelle-muller.com\/wp-content\/uploads\/2023\/03\/20221119_165219-scaled.jpg\u00a0\u00bb title_text=\u00a0\u00bb20221119_165219&Prime; _builder_version=\u00a0\u00bb4.19.0&Prime; _module_preset=\u00a0\u00bbdefault\u00a0\u00bb global_colors_info=\u00a0\u00bb{}\u00a0\u00bb][\/et_pb_image][\/et_pb_column][\/et_pb_row][\/et_pb_section]<\/p>\n","protected":false},"excerpt":{"rendered":"<p>EndermologieApplication esth\u00e9tiques Soins endermologiques : d\u00e9stockage des graisses r\u00e9sistantes et localis\u00e9es, lissage de la peau d\u2019orange, et redensification du derme. Cure DETOX Cure jeune maman Relaxation Endermopuncture Cure pr\u00e9 et post liposuccion Application m\u00e9dicales Adh\u00e9rences Br\u00fblures inflammatoires et non inflammatoires Cicatrices inflammatoires et non inflammatoires Greffe cutan\u00e9e \u0152d\u00e8me Lymphoed\u00e8me Entorse Douleurs musculaires Fibromyalgie Insuffisance veineuse [&hellip;]<\/p>\n","protected":false},"author":1,"featured_media":0,"parent":0,"menu_order":0,"comment_status":"closed","ping_status":"closed","template":"","meta":{"_et_pb_use_builder":"on","_et_pb_old_content":"","_et_gb_content_width":"","footnotes":""},"class_list":["post-153","page","type-page","status-publish","hentry"],"yoast_head":"<!-- This site is optimized with the Yoast SEO plugin v26.1.1 - https:\/\/yoast.com\/wordpress\/plugins\/seo\/ -->\n<title>Endermologie - Isabelle Muller<\/title>\n<meta name=\"robots\" content=\"index, follow, max-snippet:-1, max-image-preview:large, max-video-preview:-1\" \/>\n<link rel=\"canonical\" href=\"https:\/\/isabelle-muller.com\/index.php\/endermologie\/\" \/>\n<meta property=\"og:locale\" content=\"fr_FR\" \/>\n<meta property=\"og:type\" content=\"article\" \/>\n<meta property=\"og:title\" content=\"Endermologie - Isabelle Muller\" \/>\n<meta property=\"og:description\" content=\"EndermologieApplication esth\u00e9tiques Soins endermologiques : d\u00e9stockage des graisses r\u00e9sistantes et localis\u00e9es, lissage de la peau d\u2019orange, et redensification du derme. Cure DETOX Cure jeune maman Relaxation Endermopuncture Cure pr\u00e9 et post liposuccion Application m\u00e9dicales Adh\u00e9rences Br\u00fblures inflammatoires et non inflammatoires Cicatrices inflammatoires et non inflammatoires Greffe cutan\u00e9e \u0152d\u00e8me Lymphoed\u00e8me Entorse Douleurs musculaires Fibromyalgie Insuffisance veineuse [&hellip;]\" \/>\n<meta property=\"og:url\" content=\"https:\/\/isabelle-muller.com\/index.php\/endermologie\/\" \/>\n<meta property=\"og:site_name\" content=\"Isabelle Muller\" \/>\n<meta property=\"article:publisher\" content=\"https:\/\/www.facebook.com\/isabelle.muller.5836\" \/>\n<meta property=\"article:modified_time\" content=\"2025-08-25T16:40:48+00:00\" \/>\n<meta name=\"twitter:card\" content=\"summary_large_image\" \/>\n<script type=\"application\/ld+json\" class=\"yoast-schema-graph\">{\"@context\":\"https:\/\/schema.org\",\"@graph\":[{\"@type\":\"WebPage\",\"@id\":\"https:\/\/isabelle-muller.com\/index.php\/endermologie\/\",\"url\":\"https:\/\/isabelle-muller.com\/index.php\/endermologie\/\",\"name\":\"Endermologie - Isabelle Muller\",\"isPartOf\":{\"@id\":\"https:\/\/isabelle-muller.com\/#website\"},\"datePublished\":\"2022-11-11T15:26:46+00:00\",\"dateModified\":\"2025-08-25T16:40:48+00:00\",\"breadcrumb\":{\"@id\":\"https:\/\/isabelle-muller.com\/index.php\/endermologie\/#breadcrumb\"},\"inLanguage\":\"fr-FR\",\"potentialAction\":[{\"@type\":\"ReadAction\",\"target\":[\"https:\/\/isabelle-muller.com\/index.php\/endermologie\/\"]}]},{\"@type\":\"BreadcrumbList\",\"@id\":\"https:\/\/isabelle-muller.com\/index.php\/endermologie\/#breadcrumb\",\"itemListElement\":[{\"@type\":\"ListItem\",\"position\":1,\"name\":\"Accueil\",\"item\":\"https:\/\/isabelle-muller.com\/\"},{\"@type\":\"ListItem\",\"position\":2,\"name\":\"Endermologie\"}]},{\"@type\":\"WebSite\",\"@id\":\"https:\/\/isabelle-muller.com\/#website\",\"url\":\"https:\/\/isabelle-muller.com\/\",\"name\":\"Isabelle Muller\",\"description\":\"\",\"publisher\":{\"@id\":\"https:\/\/isabelle-muller.com\/#organization\"},\"potentialAction\":[{\"@type\":\"SearchAction\",\"target\":{\"@type\":\"EntryPoint\",\"urlTemplate\":\"https:\/\/isabelle-muller.com\/?s={search_term_string}\"},\"query-input\":{\"@type\":\"PropertyValueSpecification\",\"valueRequired\":true,\"valueName\":\"search_term_string\"}}],\"inLanguage\":\"fr-FR\"},{\"@type\":\"Organization\",\"@id\":\"https:\/\/isabelle-muller.com\/#organization\",\"name\":\"Isabelle Muller\",\"url\":\"https:\/\/isabelle-muller.com\/\",\"logo\":{\"@type\":\"ImageObject\",\"inLanguage\":\"fr-FR\",\"@id\":\"https:\/\/isabelle-muller.com\/#\/schema\/logo\/image\/\",\"url\":\"https:\/\/isabelle-muller.com\/wp-content\/uploads\/2022\/10\/logo.png\",\"contentUrl\":\"https:\/\/isabelle-muller.com\/wp-content\/uploads\/2022\/10\/logo.png\",\"width\":245,\"height\":250,\"caption\":\"Isabelle Muller\"},\"image\":{\"@id\":\"https:\/\/isabelle-muller.com\/#\/schema\/logo\/image\/\"},\"sameAs\":[\"https:\/\/www.facebook.com\/isabelle.muller.5836\"]}]}<\/script>\n<!-- \/ Yoast SEO plugin. -->","yoast_head_json":{"title":"Endermologie - Isabelle Muller","robots":{"index":"index","follow":"follow","max-snippet":"max-snippet:-1","max-image-preview":"max-image-preview:large","max-video-preview":"max-video-preview:-1"},"canonical":"https:\/\/isabelle-muller.com\/index.php\/endermologie\/","og_locale":"fr_FR","og_type":"article","og_title":"Endermologie - Isabelle Muller","og_description":"EndermologieApplication esth\u00e9tiques Soins endermologiques : d\u00e9stockage des graisses r\u00e9sistantes et localis\u00e9es, lissage de la peau d\u2019orange, et redensification du derme. Cure DETOX Cure jeune maman Relaxation Endermopuncture Cure pr\u00e9 et post liposuccion Application m\u00e9dicales Adh\u00e9rences Br\u00fblures inflammatoires et non inflammatoires Cicatrices inflammatoires et non inflammatoires Greffe cutan\u00e9e \u0152d\u00e8me Lymphoed\u00e8me Entorse Douleurs musculaires Fibromyalgie Insuffisance veineuse [&hellip;]","og_url":"https:\/\/isabelle-muller.com\/index.php\/endermologie\/","og_site_name":"Isabelle Muller","article_publisher":"https:\/\/www.facebook.com\/isabelle.muller.5836","article_modified_time":"2025-08-25T16:40:48+00:00","twitter_card":"summary_large_image","schema":{"@context":"https:\/\/schema.org","@graph":[{"@type":"WebPage","@id":"https:\/\/isabelle-muller.com\/index.php\/endermologie\/","url":"https:\/\/isabelle-muller.com\/index.php\/endermologie\/","name":"Endermologie - Isabelle Muller","isPartOf":{"@id":"https:\/\/isabelle-muller.com\/#website"},"datePublished":"2022-11-11T15:26:46+00:00","dateModified":"2025-08-25T16:40:48+00:00","breadcrumb":{"@id":"https:\/\/isabelle-muller.com\/index.php\/endermologie\/#breadcrumb"},"inLanguage":"fr-FR","potentialAction":[{"@type":"ReadAction","target":["https:\/\/isabelle-muller.com\/index.php\/endermologie\/"]}]},{"@type":"BreadcrumbList","@id":"https:\/\/isabelle-muller.com\/index.php\/endermologie\/#breadcrumb","itemListElement":[{"@type":"ListItem","position":1,"name":"Accueil","item":"https:\/\/isabelle-muller.com\/"},{"@type":"ListItem","position":2,"name":"Endermologie"}]},{"@type":"WebSite","@id":"https:\/\/isabelle-muller.com\/#website","url":"https:\/\/isabelle-muller.com\/","name":"Isabelle Muller","description":"","publisher":{"@id":"https:\/\/isabelle-muller.com\/#organization"},"potentialAction":[{"@type":"SearchAction","target":{"@type":"EntryPoint","urlTemplate":"https:\/\/isabelle-muller.com\/?s={search_term_string}"},"query-input":{"@type":"PropertyValueSpecification","valueRequired":true,"valueName":"search_term_string"}}],"inLanguage":"fr-FR"},{"@type":"Organization","@id":"https:\/\/isabelle-muller.com\/#organization","name":"Isabelle Muller","url":"https:\/\/isabelle-muller.com\/","logo":{"@type":"ImageObject","inLanguage":"fr-FR","@id":"https:\/\/isabelle-muller.com\/#\/schema\/logo\/image\/","url":"https:\/\/isabelle-muller.com\/wp-content\/uploads\/2022\/10\/logo.png","contentUrl":"https:\/\/isabelle-muller.com\/wp-content\/uploads\/2022\/10\/logo.png","width":245,"height":250,"caption":"Isabelle Muller"},"image":{"@id":"https:\/\/isabelle-muller.com\/#\/schema\/logo\/image\/"},"sameAs":["https:\/\/www.facebook.com\/isabelle.muller.5836"]}]}},"_links":{"self":[{"href":"https:\/\/isabelle-muller.com\/index.php\/wp-json\/wp\/v2\/pages\/153","targetHints":{"allow":["GET"]}}],"collection":[{"href":"https:\/\/isabelle-muller.com\/index.php\/wp-json\/wp\/v2\/pages"}],"about":[{"href":"https:\/\/isabelle-muller.com\/index.php\/wp-json\/wp\/v2\/types\/page"}],"author":[{"embeddable":true,"href":"https:\/\/isabelle-muller.com\/index.php\/wp-json\/wp\/v2\/users\/1"}],"replies":[{"embeddable":true,"href":"https:\/\/isabelle-muller.com\/index.php\/wp-json\/wp\/v2\/comments?post=153"}],"version-history":[{"count":7,"href":"https:\/\/isabelle-muller.com\/index.php\/wp-json\/wp\/v2\/pages\/153\/revisions"}],"predecessor-version":[{"id":241,"href":"https:\/\/isabelle-muller.com\/index.php\/wp-json\/wp\/v2\/pages\/153\/revisions\/241"}],"wp:attachment":[{"href":"https:\/\/isabelle-muller.com\/index.php\/wp-json\/wp\/v2\/media?parent=153"}],"curies":[{"name":"wp","href":"https:\/\/api.w.org\/{rel}","templated":true}]}}